{"id":299,"date":"2026-05-02T17:04:42","date_gmt":"2026-05-02T17:04:42","guid":{"rendered":"https:\/\/zipwp.pixelriver.de\/?page_id=299"},"modified":"2026-05-02T17:04:42","modified_gmt":"2026-05-02T17:04:42","slug":"services","status":"publish","type":"page","link":"https:\/\/zipwp.pixelriver.de\/?page_id=299","title":{"rendered":"Services"},"content":{"rendered":"\n<div class=\"wp-block-uagb-container uagb-layout-grid uagb-block-bfe052b1 alignfull uagb-is-root-container\"><div class=\"uagb-container-inner-blocks-wrap\">\n<div class=\"wp-block-uagb-advanced-heading uagb-block-4de6aee5\"><div class=\"uagb-separator\"><\/div><h1 class=\"uagb-heading-text\">Ma\u00dfgeschneiderte WordPress-L\u00f6sungen f\u00fcr Designer<\/h1><\/div>\n\n\n\n<div class=\"wp-block-uagb-image uagb-block-259aae54 wp-block-uagb-image--layout-default wp-block-uagb-image--effect-static wp-block-uagb-image--align-none\"><figure class=\"wp-block-uagb-image__figure\"><img decoding=\"async\" srcset=\"https:\/\/zipwp.pixelriver.de\/wp-content\/uploads\/2026\/05\/close-up-of-typing-on-a-laptop-261662.jpeg ,https:\/\/zipwp.pixelriver.de\/wp-content\/uploads\/2026\/05\/close-up-of-typing-on-a-laptop-261662.jpeg 780w, https:\/\/zipwp.pixelriver.de\/wp-content\/uploads\/2026\/05\/close-up-of-typing-on-a-laptop-261662.jpeg 360w\" sizes=\"auto, (max-width: 480px) 150px\" src=\"https:\/\/zipwp.pixelriver.de\/wp-content\/uploads\/2026\/05\/close-up-of-typing-on-a-laptop-261662.jpeg\" alt=\"Hands typing on a laptop with a blog post visible, cozy indoor setting with colorful screen in background.\" class=\"uag-image-541\" width=\"396\" height=\"380\" title=\"services-img\" loading=\"lazy\" role=\"img\"\/><\/figure><\/div>\n<\/div><\/div>\n\n\n\n<div class=\"wp-block-uagb-container uagb-block-f02a1ac0 alignfull uagb-is-root-container\"><div class=\"uagb-container-inner-blocks-wrap\">\n<div class=\"wp-block-uagb-container uagb-layout-grid uagb-block-1f6539c9\">\n<div class=\"wp-block-uagb-image uagb-block-22bf66dd wp-block-uagb-image--layout-default wp-block-uagb-image--effect-static wp-block-uagb-image--align-none\"><figure class=\"wp-block-uagb-image__figure\"><img decoding=\"async\" srcset=\"https:\/\/zipwp.pixelriver.de\/wp-content\/uploads\/2026\/05\/person-using-computer-on-a-white-table-8972786.jpeg ,https:\/\/zipwp.pixelriver.de\/wp-content\/uploads\/2026\/05\/person-using-computer-on-a-white-table-8972786.jpeg 780w, https:\/\/zipwp.pixelriver.de\/wp-content\/uploads\/2026\/05\/person-using-computer-on-a-white-table-8972786.jpeg 360w\" sizes=\"auto, (max-width: 480px) 150px\" src=\"https:\/\/zipwp.pixelriver.de\/wp-content\/uploads\/2026\/05\/person-using-computer-on-a-white-table-8972786.jpeg\" alt=\"Bright and modern workspace setup with a desktop computer, mouse, and keyboard on a white desk.\" class=\"uag-image-545\" width=\"500\" height=\"340\" title=\"services-01\" loading=\"lazy\" role=\"img\"\/><\/figure><\/div>\n\n\n\n<div class=\"wp-block-uagb-advanced-heading uagb-block-7fc15760\"><h2 class=\"uagb-heading-text\">01.<\/h2><\/div>\n\n\n\n<div class=\"wp-block-uagb-advanced-heading uagb-block-d1bf4422\"><h3 class=\"uagb-heading-text\">Pixel-perfekte Umsetzung<\/h3><p class=\"uagb-desc-text\">Wir bieten eine pixelgenaue Umsetzung Ihrer Designs, sodass jedes Detail genau geachtet wird. Perfekte Anpassung an Ihr Konzept steht im Mittelpunkt unserer Arbeit, was zu einer \u00e4sthetisch ansprechenden und technisch perfekten Seite f\u00fchrt.<\/p><\/div>\n<\/div>\n\n\n\n<div class=\"wp-block-uagb-container uagb-layout-grid uagb-block-4e23bf70\">\n<div class=\"wp-block-uagb-image uagb-block-5975b480 wp-block-uagb-image--layout-default wp-block-uagb-image--effect-static wp-block-uagb-image--align-none\"><figure class=\"wp-block-uagb-image__figure\"><img decoding=\"async\" srcset=\"https:\/\/zipwp.pixelriver.de\/wp-content\/uploads\/2026\/05\/white-vintage-typewriter-4176248.jpeg ,https:\/\/zipwp.pixelriver.de\/wp-content\/uploads\/2026\/05\/white-vintage-typewriter-4176248.jpeg 780w, https:\/\/zipwp.pixelriver.de\/wp-content\/uploads\/2026\/05\/white-vintage-typewriter-4176248.jpeg 360w\" sizes=\"auto, (max-width: 480px) 150px\" src=\"https:\/\/zipwp.pixelriver.de\/wp-content\/uploads\/2026\/05\/white-vintage-typewriter-4176248.jpeg\" alt=\"Close-up of a vintage typewriter with WordPress typed on paper, conveying a classic theme.\" class=\"uag-image-542\" width=\"500\" height=\"340\" title=\"services-02\" loading=\"lazy\" role=\"img\"\/><\/figure><\/div>\n\n\n\n<div class=\"wp-block-uagb-advanced-heading uagb-block-42b1afc3\"><h2 class=\"uagb-heading-text\">02.<\/h2><\/div>\n\n\n\n<div class=\"wp-block-uagb-advanced-heading uagb-block-2b5b97c7\"><h3 class=\"uagb-heading-text\">Responsives Webdesign<\/h3><p class=\"uagb-desc-text\">Wir gew\u00e4hrleisten responsive Layouts, die nahtlos auf Desktop, Tablet und Mobilger\u00e4te funktionieren. So stellen wir sicher, dass Ihre Benutzererfahrung auf allen Ger\u00e4ten positiv bleibt, ohne Kompromisse bei der Gestaltung einzugehen.<\/p><\/div>\n<\/div>\n\n\n\n<div class=\"wp-block-uagb-container uagb-layout-grid uagb-block-75fb60e4\">\n<div class=\"wp-block-uagb-image uagb-block-dec8dc2a wp-block-uagb-image--layout-default wp-block-uagb-image--effect-static wp-block-uagb-image--align-none\"><figure class=\"wp-block-uagb-image__figure\"><img decoding=\"async\" srcset=\"https:\/\/zipwp.pixelriver.de\/wp-content\/uploads\/2026\/05\/man-in-glasses-working-on-pc-at-table-16129700.jpeg ,https:\/\/zipwp.pixelriver.de\/wp-content\/uploads\/2026\/05\/man-in-glasses-working-on-pc-at-table-16129700.jpeg 780w, https:\/\/zipwp.pixelriver.de\/wp-content\/uploads\/2026\/05\/man-in-glasses-working-on-pc-at-table-16129700.jpeg 360w\" sizes=\"auto, (max-width: 480px) 150px\" src=\"https:\/\/zipwp.pixelriver.de\/wp-content\/uploads\/2026\/05\/man-in-glasses-working-on-pc-at-table-16129700.jpeg\" alt=\"Man working on web design at home office setup with dual monitors.\" class=\"uag-image-543\" width=\"500\" height=\"340\" title=\"services-03\" loading=\"lazy\" role=\"img\"\/><\/figure><\/div>\n\n\n\n<div class=\"wp-block-uagb-advanced-heading uagb-block-e6ec07d4\"><h2 class=\"uagb-heading-text\">03.<\/h2><\/div>\n\n\n\n<div class=\"wp-block-uagb-advanced-heading uagb-block-99c873e0\"><h3 class=\"uagb-heading-text\">GDPR-konforme L\u00f6sungen<\/h3><p class=\"uagb-desc-text\">Unsere Webseiten werden unter Ber\u00fccksichtigung der Datenschutz-Grundverordnung (GDPR) entwickelt, sodass Sie sich keine Sorgen um die Sicherheit der Daten Ihrer Nutzer machen m\u00fcssen. Wir integrieren notwendige Funktionen, um die Privatsph\u00e4re und Rechte der Benutzer zu sch\u00fctzen.<\/p><\/div>\n<\/div>\n\n\n\n<div class=\"wp-block-uagb-container uagb-layout-grid uagb-block-69a1e017\">\n<div class=\"wp-block-uagb-image uagb-block-55e41bb4 wp-block-uagb-image--layout-default wp-block-uagb-image--effect-static wp-block-uagb-image--align-none\"><figure class=\"wp-block-uagb-image__figure\"><img decoding=\"async\" srcset=\"https:\/\/zipwp.pixelriver.de\/wp-content\/uploads\/2026\/05\/black-woman-typing-on-keyboard-of-modern-computer-7191982.jpeg ,https:\/\/zipwp.pixelriver.de\/wp-content\/uploads\/2026\/05\/black-woman-typing-on-keyboard-of-modern-computer-7191982.jpeg 780w, https:\/\/zipwp.pixelriver.de\/wp-content\/uploads\/2026\/05\/black-woman-typing-on-keyboard-of-modern-computer-7191982.jpeg 360w\" sizes=\"auto, (max-width: 480px) 150px\" src=\"https:\/\/zipwp.pixelriver.de\/wp-content\/uploads\/2026\/05\/black-woman-typing-on-keyboard-of-modern-computer-7191982.jpeg\" alt=\"Black and white of crop anonymous African American female working with computer at table with tablet\" class=\"uag-image-546\" width=\"500\" height=\"340\" title=\"services-04\" loading=\"lazy\" role=\"img\"\/><\/figure><\/div>\n\n\n\n<div class=\"wp-block-uagb-advanced-heading uagb-block-2d94a4af\"><h2 class=\"uagb-heading-text\">04.<\/h2><\/div>\n\n\n\n<div class=\"wp-block-uagb-advanced-heading uagb-block-0224262a\"><h3 class=\"uagb-heading-text\">Schnelle Lieferung<\/h3><p class=\"uagb-desc-text\">Wir liefern Ihre Projekte schnell und effizient, ohne die Qualit\u00e4t zu beeintr\u00e4chtigen. Unsere bew\u00e4hrten Abl\u00e4ufe erm\u00f6glichen es uns, in kurzer Zeit hervorragende Ergebnisse zu erzielen, sodass Sie Ihr Projekt rechtzeitig starten k\u00f6nnen.<\/p><\/div>\n<\/div>\n\n\n\n<div class=\"wp-block-uagb-advanced-heading uagb-block-847f0174\"><div class=\"uagb-separator\"><\/div><h2 class=\"uagb-heading-text\">Unser bew\u00e4hrter Arbeitsprozess f\u00fcr perfekte Ergebnisse<\/h2><\/div>\n<\/div><\/div>\n\n\n\n<div class=\"wp-block-uagb-container uagb-layout-grid uagb-block-cd2486f8 alignfull uagb-is-root-container\"><div class=\"uagb-container-inner-blocks-wrap\">\n<div class=\"wp-block-uagb-container uagb-block-680c0089\">\n<div class=\"wp-block-uagb-advanced-heading uagb-block-2c1fc22f\"><p class=\"uagb-heading-text\">Design\u00fcberpr\u00fcfung und Anpassung<\/p><p class=\"uagb-desc-text\">Wir pr\u00fcfen Ihre Figma-Designs und stellen sicher, dass alle Details f\u00fcr dieWordPress-Umsetzung bereit sind.<\/p><\/div>\n<\/div>\n\n\n\n<div class=\"wp-block-uagb-container uagb-block-f6244a01\">\n<div class=\"wp-block-uagb-advanced-heading uagb-block-3e2e789f\"><p class=\"uagb-heading-text\">Implementierung und Entwicklung<\/p><p class=\"uagb-desc-text\">Die Designs werden pr\u00e4zise in WordPress implementiert, wobei technologische Best Practices beachtet werden.<\/p><\/div>\n<\/div>\n\n\n\n<div class=\"wp-block-uagb-container uagb-block-0815f89c\">\n<div class=\"wp-block-uagb-advanced-heading uagb-block-4fdc0b6f\"><p class=\"uagb-heading-text\">Testen und Qualit\u00e4tssicherung<\/p><p class=\"uagb-desc-text\">Jede Webseite wird gr\u00fcndlich getestet, um sicherzustellen, dass sie auf allen Ger\u00e4ten fehlerfrei funktioniert.<\/p><\/div>\n<\/div>\n\n\n\n<div class=\"wp-block-uagb-container uagb-block-77ffa57b\">\n<div class=\"wp-block-uagb-advanced-heading uagb-block-3b941aaf\"><p class=\"uagb-heading-text\">\u00dcbergabe und Support<\/p><p class=\"uagb-desc-text\">Nach der Fertigstellung \u00fcbergeben wir die Webseite mit umfassendem Support, damit Sie jederzeit auf uns z\u00e4hlen k\u00f6nnen.<\/p><\/div>\n<\/div>\n<\/div><\/div>\n","protected":false},"excerpt":{"rendered":"<p>Ma\u00dfgeschneiderte WordPress-L\u00f6sungen f\u00fcr Designer 01. Pixel-perfekte Umsetzung Wir bieten eine pixelgenaue Umsetzung Ihrer Designs, sodass jedes Detail genau geachtet wird. [&hellip;]<\/p>\n","protected":false},"author":4,"featured_media":0,"parent":0,"menu_order":0,"comment_status":"closed","ping_status":"closed","template":"","meta":{"_uag_custom_page_level_css":"","site-sidebar-layout":"default","site-content-layout":"","ast-site-content-layout":"default","site-content-style":"default","site-sidebar-style":"default","ast-global-header-display":"","ast-banner-title-visibility":"","ast-main-header-display":"","ast-hfb-above-header-display":"","ast-hfb-below-header-display":"","ast-hfb-mobile-header-display":"","site-post-title":"disabled","ast-breadcrumbs-content":"","ast-featured-img":"","footer-sml-layout":"","ast-disable-related-posts":"","theme-transparent-header-meta":"","adv-header-id-meta":"","stick-header-meta":"","header-above-stick-meta":"","header-main-stick-meta":"","header-below-stick-meta":"","astra-migrate-meta-layouts":"default","ast-page-background-enabled":"default","ast-page-background-meta":{"desktop":{"background-color":"var(--ast-global-color-4)","background-image":"","background-repeat":"repeat","background-position":"center center","background-size":"auto","background-attachment":"scroll","background-type":"","background-media":"","overlay-type":"","overlay-color":"","overlay-opacity":"","overlay-gradient":""},"tablet":{"background-color":"","background-image":"","background-repeat":"repeat","background-position":"center center","background-size":"auto","background-attachment":"scroll","background-type":"","background-media":"","overlay-type":"","overlay-color":"","overlay-opacity":"","overlay-gradient":""},"mobile":{"background-color":"","background-image":"","background-repeat":"repeat","background-position":"center center","background-size":"auto","background-attachment":"scroll","background-type":"","background-media":"","overlay-type":"","overlay-color":"","overlay-opacity":"","overlay-gradient":""}},"ast-content-background-meta":{"desktop":{"background-color":"var(--ast-global-color-5)","background-image":"","background-repeat":"repeat","background-position":"center center","background-size":"auto","background-attachment":"scroll","background-type":"","background-media":"","overlay-type":"","overlay-color":"","overlay-opacity":"","overlay-gradient":""},"tablet":{"background-color":"var(--ast-global-color-5)","background-image":"","background-repeat":"repeat","background-position":"center center","background-size":"auto","background-attachment":"scroll","background-type":"","background-media":"","overlay-type":"","overlay-color":"","overlay-opacity":"","overlay-gradient":""},"mobile":{"background-color":"var(--ast-global-color-5)","background-image":"","background-repeat":"repeat","background-position":"center center","background-size":"auto","background-attachment":"scroll","background-type":"","background-media":"","overlay-type":"","overlay-color":"","overlay-opacity":"","overlay-gradient":""}},"footnotes":""},"class_list":["post-299","page","type-page","status-publish","hentry"],"uagb_featured_image_src":{"full":false,"thumbnail":false,"medium":false,"medium_large":false,"large":false,"1536x1536":false,"2048x2048":false},"uagb_author_info":{"display_name":"yvagxqovdj1t","author_link":"https:\/\/zipwp.pixelriver.de\/?author=4"},"uagb_comment_info":0,"uagb_excerpt":"Ma\u00dfgeschneiderte WordPress-L\u00f6sungen f\u00fcr Designer 01. Pixel-perfekte Umsetzung Wir bieten eine pixelgenaue Umsetzung Ihrer Designs, sodass jedes Detail genau geachtet wird. [&hellip;]","_links":{"self":[{"href":"https:\/\/zipwp.pixelriver.de\/index.php?rest_route=\/wp\/v2\/pages\/299","targetHints":{"allow":["GET"]}}],"collection":[{"href":"https:\/\/zipwp.pixelriver.de\/index.php?rest_route=\/wp\/v2\/pages"}],"about":[{"href":"https:\/\/zipwp.pixelriver.de\/index.php?rest_route=\/wp\/v2\/types\/page"}],"author":[{"embeddable":true,"href":"https:\/\/zipwp.pixelriver.de\/index.php?rest_route=\/wp\/v2\/users\/4"}],"replies":[{"embeddable":true,"href":"https:\/\/zipwp.pixelriver.de\/index.php?rest_route=%2Fwp%2Fv2%2Fcomments&post=299"}],"version-history":[{"count":1,"href":"https:\/\/zipwp.pixelriver.de\/index.php?rest_route=\/wp\/v2\/pages\/299\/revisions"}],"predecessor-version":[{"id":552,"href":"https:\/\/zipwp.pixelriver.de\/index.php?rest_route=\/wp\/v2\/pages\/299\/revisions\/552"}],"wp:attachment":[{"href":"https:\/\/zipwp.pixelriver.de\/index.php?rest_route=%2Fwp%2Fv2%2Fmedia&parent=299"}],"curies":[{"name":"wp","href":"https:\/\/api.w.org\/{rel}","templated":true}]}}