{"id":298,"date":"2026-05-02T17:04:43","date_gmt":"2026-05-02T17:04:43","guid":{"rendered":"https:\/\/zipwp.pixelriver.de\/?page_id=298"},"modified":"2026-05-02T17:04:43","modified_gmt":"2026-05-02T17:04:43","slug":"about","status":"publish","type":"page","link":"https:\/\/zipwp.pixelriver.de\/?page_id=298","title":{"rendered":"About"},"content":{"rendered":"\n<div class=\"wp-block-uagb-container uagb-layout-grid uagb-block-bfe052b1 alignfull uagb-is-root-container\"><div class=\"uagb-container-inner-blocks-wrap\">\n<div class=\"wp-block-uagb-advanced-heading uagb-block-4de6aee5\"><div class=\"uagb-separator\"><\/div><h1 class=\"uagb-heading-text\">Ihr Partner f\u00fcr WordPress-Webseiten<\/h1><\/div>\n\n\n\n<div class=\"wp-block-uagb-image uagb-block-259aae54 wp-block-uagb-image--layout-default wp-block-uagb-image--effect-static wp-block-uagb-image--align-none\"><figure class=\"wp-block-uagb-image__figure\"><img decoding=\"async\" srcset=\"https:\/\/zipwp.pixelriver.de\/wp-content\/uploads\/2026\/05\/black-woman-writing-in-notebook-and-using-computer-7191986.jpeg ,https:\/\/zipwp.pixelriver.de\/wp-content\/uploads\/2026\/05\/black-woman-writing-in-notebook-and-using-computer-7191986.jpeg 780w, https:\/\/zipwp.pixelriver.de\/wp-content\/uploads\/2026\/05\/black-woman-writing-in-notebook-and-using-computer-7191986.jpeg 360w\" sizes=\"auto, (max-width: 480px) 150px\" src=\"https:\/\/zipwp.pixelriver.de\/wp-content\/uploads\/2026\/05\/black-woman-writing-in-notebook-and-using-computer-7191986.jpeg\" alt=\"Back view of crop anonymous African American female taking notes in planner and working with computer at table\" class=\"uag-image-547\" width=\"396\" height=\"380\" title=\"about-img\" loading=\"lazy\" role=\"img\"\/><\/figure><\/div>\n<\/div><\/div>\n\n\n\n<div class=\"wp-block-uagb-container uagb-block-b6c01382 alignfull uagb-is-root-container\"><div class=\"uagb-container-inner-blocks-wrap\">\n<div class=\"wp-block-uagb-image uagb-block-ee911b6e wp-block-uagb-image--layout-default wp-block-uagb-image--effect-static wp-block-uagb-image--align-none\"><figure class=\"wp-block-uagb-image__figure\"><img decoding=\"async\" srcset=\"https:\/\/zipwp.pixelriver.de\/wp-content\/uploads\/2026\/05\/a-laptop-computer-sitting-on-top-of-a-table-ybtajpcvc4y.jpeg ,https:\/\/zipwp.pixelriver.de\/wp-content\/uploads\/2024\/07\/our-experience.jpg 780w, https:\/\/zipwp.pixelriver.de\/wp-content\/uploads\/2024\/07\/our-experience.jpg 360w\" sizes=\"auto, (max-width: 480px) 150px\" src=\"https:\/\/zipwp.pixelriver.de\/wp-content\/uploads\/2026\/05\/a-laptop-computer-sitting-on-top-of-a-table-ybtajpcvc4y.jpeg\" alt=\"a-laptop-computer-sitting-on-top-of-a-table-ybtajpcvc4y\" class=\"uag-image-548\" width=\"1200\" height=\"450\" title=\"our-experience\" loading=\"lazy\" role=\"img\"\/><\/figure><\/div>\n\n\n\n<div class=\"wp-block-uagb-container uagb-block-3ac84b20\">\n<div class=\"wp-block-uagb-container uag-blocks-common-selector uagb-block-0bc34e4a\">\n<div class=\"wp-block-uagb-advanced-heading uagb-block-7752a12a\"><div class=\"uagb-separator\"><\/div><h2 class=\"uagb-heading-text\">Erfahren Sie mehr \u00fcber PixelRiver<\/h2><\/div>\n\n\n\n<div class=\"wp-block-uagb-image uagb-block-d2071441 wp-block-uagb-image--layout-default wp-block-uagb-image--effect-static wp-block-uagb-image--align-none\"><figure class=\"wp-block-uagb-image__figure\"><img decoding=\"async\" srcset=\"https:\/\/zipwp.pixelriver.de\/wp-content\/uploads\/2026\/05\/black-freelancer-with-cup-working-with-photos-on-computer-7191961.jpeg ,https:\/\/zipwp.pixelriver.de\/wp-content\/uploads\/2026\/05\/black-freelancer-with-cup-working-with-photos-on-computer-7191961.jpeg 780w, https:\/\/zipwp.pixelriver.de\/wp-content\/uploads\/2026\/05\/black-freelancer-with-cup-working-with-photos-on-computer-7191961.jpeg 360w\" sizes=\"auto, (max-width: 480px) 150px\" src=\"https:\/\/zipwp.pixelriver.de\/wp-content\/uploads\/2026\/05\/black-freelancer-with-cup-working-with-photos-on-computer-7191961.jpeg\" alt=\"Crop anonymous African American female using computer and mouse while working at white table in daylight\" class=\"uag-image-544\" width=\"560\" height=\"400\" title=\"about-02\" loading=\"lazy\" role=\"img\"\/><\/figure><\/div>\n<\/div>\n\n\n\n<div class=\"wp-block-uagb-advanced-heading uagb-block-90bd4abb\"><h3 class=\"uagb-heading-text\">PixelRiver verwandelt Ihre Figma-Designs in ma\u00dfgeschneiderte WordPress-Webseiten.<\/h3><p class=\"uagb-desc-text\">Unser Team steht f\u00fcr pr\u00e4zise Umsetzung und hohe Leistung. Wir haben zahlreiche Designer und Agenturen unterst\u00fctzt, um erfolgreiche Webseiten zu erstellen, die sowohl \u00e4sthetisch als auch funktional sind. Unsere effizienten Prozesse garantieren schnelle Lieferung und h\u00f6chste Qualit\u00e4t, w\u00e4hrend Sie sich auf Ihr Kerngesch\u00e4ft konzentrieren k\u00f6nnen.<\/p><\/div>\n<\/div>\n<\/div><\/div>\n\n\n\n<div class=\"wp-block-uagb-container uagb-block-b7e83894 alignfull uagb-is-root-container\"><div class=\"uagb-container-inner-blocks-wrap\">\n<div class=\"wp-block-uagb-advanced-heading uagb-block-1fe48051\"><div class=\"uagb-separator\"><\/div><h2 class=\"uagb-heading-text\">Warum PixelRiver die beste Wahl ist<\/h2><p class=\"uagb-desc-text\">Unsere Kunden sch\u00e4tzen die zuverl\u00e4ssige Zusammenarbeit und die hohe Qualit\u00e4t, die wir liefern. Wir verwandeln komplexe Designs in benutzerfreundliche Webseiten.<\/p><\/div>\n\n\n<div class=\"wp-block-uagb-faq uagb-faq__outer-wrap uagb-block-20e9f1df uagb-faq-icon-row-reverse uagb-faq-layout-accordion uagb-faq-expand-first-true uagb-faq-inactive-other-true uagb-faq__wrap uagb-buttons-layout-wrap uagb-faq-equal-height     \" data-faqtoggle=\"true\" role=\"tablist\"><div class=\"wp-block-uagb-faq-child uagb-faq-child__outer-wrap uagb-faq-item uagb-block-e85bdb9d \" role=\"tab\" tabindex=\"0\"><div class=\"uagb-faq-questions-button uagb-faq-questions\">\t\t\t<span class=\"uagb-icon uagb-faq-icon-wrap\">\n\t\t\t\t\t\t\t\t<svg xmlns=\"https:\/\/www.w3.org\/2000\/svg\" viewBox= \"0 0 448 512\"><path d=\"M416 352c-8.188 0-16.38-3.125-22.62-9.375L224 173.3l-169.4 169.4c-12.5 12.5-32.75 12.5-45.25 0s-12.5-32.75 0-45.25l192-192c12.5-12.5 32.75-12.5 45.25 0l192 192c12.5 12.5 12.5 32.75 0 45.25C432.4 348.9 424.2 352 416 352z\"><\/path><\/svg>\n\t\t\t\t\t\t\t<\/span>\n\t\t\t\t\t\t<span class=\"uagb-icon-active uagb-faq-icon-wrap\">\n\t\t\t\t\t\t\t\t<svg xmlns=\"https:\/\/www.w3.org\/2000\/svg\" viewBox= \"0 0 448 512\"><path d=\"M224 416c-8.188 0-16.38-3.125-22.62-9.375l-192-192c-12.5-12.5-12.5-32.75 0-45.25s32.75-12.5 45.25 0L224 338.8l169.4-169.4c12.5-12.5 32.75-12.5 45.25 0s12.5 32.75 0 45.25l-192 192C240.4 412.9 232.2 416 224 416z\"><\/path><\/svg>\n\t\t\t\t\t\t\t<\/span>\n\t\t\t<span class=\"uagb-question\">Unsere Mission bei PixelRiver<\/span><\/div><div class=\"uagb-faq-content\"><p>Unsere Mission ist es, Designern und Agenturen die Umsetzung ihrer Visionen in stimmige, funktionale WordPress-Webseiten zu erm\u00f6glichen, ohne Komplikationen.<\/p><\/div><\/div><div class=\"wp-block-uagb-faq-child uagb-faq-child__outer-wrap uagb-faq-item uagb-block-c1da3ed7 \" role=\"tab\" tabindex=\"0\"><div class=\"uagb-faq-questions-button uagb-faq-questions\">\t\t\t<span class=\"uagb-icon uagb-faq-icon-wrap\">\n\t\t\t\t\t\t\t\t<svg xmlns=\"https:\/\/www.w3.org\/2000\/svg\" viewBox= \"0 0 448 512\"><path d=\"M416 352c-8.188 0-16.38-3.125-22.62-9.375L224 173.3l-169.4 169.4c-12.5 12.5-32.75 12.5-45.25 0s-12.5-32.75 0-45.25l192-192c12.5-12.5 32.75-12.5 45.25 0l192 192c12.5 12.5 12.5 32.75 0 45.25C432.4 348.9 424.2 352 416 352z\"><\/path><\/svg>\n\t\t\t\t\t\t\t<\/span>\n\t\t\t\t\t\t<span class=\"uagb-icon-active uagb-faq-icon-wrap\">\n\t\t\t\t\t\t\t\t<svg xmlns=\"https:\/\/www.w3.org\/2000\/svg\" viewBox= \"0 0 448 512\"><path d=\"M224 416c-8.188 0-16.38-3.125-22.62-9.375l-192-192c-12.5-12.5-12.5-32.75 0-45.25s32.75-12.5 45.25 0L224 338.8l169.4-169.4c12.5-12.5 32.75-12.5 45.25 0s12.5 32.75 0 45.25l-192 192C240.4 412.9 232.2 416 224 416z\"><\/path><\/svg>\n\t\t\t\t\t\t\t<\/span>\n\t\t\t<span class=\"uagb-question\">Unsere Vision f\u00fcr die Zukunft<\/span><\/div><div class=\"uagb-faq-content\"><p>Wir streben danach, die f\u00fchrende Anlaufstelle f\u00fcr Agenturen und Designer zu werden, die professionelle und zuverl\u00e4ssige Webl\u00f6sungen suchen, die ihre kreativen Konzepte zum Leben erwecken.<\/p><\/div><\/div><div class=\"wp-block-uagb-faq-child uagb-faq-child__outer-wrap uagb-faq-item uagb-block-7b419e9c \" role=\"tab\" tabindex=\"0\"><div class=\"uagb-faq-questions-button uagb-faq-questions\">\t\t\t<span class=\"uagb-icon uagb-faq-icon-wrap\">\n\t\t\t\t\t\t\t\t<svg xmlns=\"https:\/\/www.w3.org\/2000\/svg\" viewBox= \"0 0 448 512\"><path d=\"M416 352c-8.188 0-16.38-3.125-22.62-9.375L224 173.3l-169.4 169.4c-12.5 12.5-32.75 12.5-45.25 0s-12.5-32.75 0-45.25l192-192c12.5-12.5 32.75-12.5 45.25 0l192 192c12.5 12.5 12.5 32.75 0 45.25C432.4 348.9 424.2 352 416 352z\"><\/path><\/svg>\n\t\t\t\t\t\t\t<\/span>\n\t\t\t\t\t\t<span class=\"uagb-icon-active uagb-faq-icon-wrap\">\n\t\t\t\t\t\t\t\t<svg xmlns=\"https:\/\/www.w3.org\/2000\/svg\" viewBox= \"0 0 448 512\"><path d=\"M224 416c-8.188 0-16.38-3.125-22.62-9.375l-192-192c-12.5-12.5-12.5-32.75 0-45.25s32.75-12.5 45.25 0L224 338.8l169.4-169.4c12.5-12.5 32.75-12.5 45.25 0s12.5 32.75 0 45.25l-192 192C240.4 412.9 232.2 416 224 416z\"><\/path><\/svg>\n\t\t\t\t\t\t\t<\/span>\n\t\t\t<span class=\"uagb-question\">Unsere grundlegenden Werte<\/span><\/div><div class=\"uagb-faq-content\"><p>Qualit\u00e4t, Zuverl\u00e4ssigkeit und Effizienz pr\u00e4gen unsere Arbeit. Wir glauben an Transparenz und partnerschaftliche Zusammenarbeit mit unseren Kunden f\u00fcr optimale Ergebnisse.<\/p><\/div><\/div><div class=\"wp-block-uagb-faq-child uagb-faq-child__outer-wrap uagb-faq-item uagb-block-fa45c94f \" role=\"tab\" tabindex=\"0\"><div class=\"uagb-faq-questions-button uagb-faq-questions\">\t\t\t<span class=\"uagb-icon uagb-faq-icon-wrap\">\n\t\t\t\t\t\t\t\t<svg xmlns=\"https:\/\/www.w3.org\/2000\/svg\" viewBox= \"0 0 448 512\"><path d=\"M416 352c-8.188 0-16.38-3.125-22.62-9.375L224 173.3l-169.4 169.4c-12.5 12.5-32.75 12.5-45.25 0s-12.5-32.75 0-45.25l192-192c12.5-12.5 32.75-12.5 45.25 0l192 192c12.5 12.5 12.5 32.75 0 45.25C432.4 348.9 424.2 352 416 352z\"><\/path><\/svg>\n\t\t\t\t\t\t\t<\/span>\n\t\t\t\t\t\t<span class=\"uagb-icon-active uagb-faq-icon-wrap\">\n\t\t\t\t\t\t\t\t<svg xmlns=\"https:\/\/www.w3.org\/2000\/svg\" viewBox= \"0 0 448 512\"><path d=\"M224 416c-8.188 0-16.38-3.125-22.62-9.375l-192-192c-12.5-12.5-12.5-32.75 0-45.25s32.75-12.5 45.25 0L224 338.8l169.4-169.4c12.5-12.5 32.75-12.5 45.25 0s12.5 32.75 0 45.25l-192 192C240.4 412.9 232.2 416 224 416z\"><\/path><\/svg>\n\t\t\t\t\t\t\t<\/span>\n\t\t\t<span class=\"uagb-question\">Auszeichnungen und Anerkennungen<\/span><\/div><div class=\"uagb-faq-content\"><p>Wir sind stolz darauf, in der Branche anerkannt zu werden und verschiedene Auszeichnungen f\u00fcr unsere Dienstleistungen erhalten zu haben.<\/p><\/div><\/div><\/div><\/div><\/div>\n\n\n\n<div class=\"wp-block-uagb-container uagb-block-71d5d729 alignfull uagb-is-root-container\"><div class=\"uagb-container-inner-blocks-wrap\">\n<div class=\"wp-block-uagb-advanced-heading uagb-block-c0ed63b6\"><div class=\"uagb-separator\"><\/div><h2 class=\"uagb-heading-text\">Die Geschichte von PixelRiver<\/h2><p class=\"uagb-desc-text\">PixelRiver wurde mit der Vision gegr\u00fcndet, Designern und Agenturen den Webentwicklungsprozess zu erleichtern und gleichzeitig h\u00f6chste Qualit\u00e4t zu liefern.<\/p><\/div>\n\n\n\n<div class=\"wp-block-uagb-image uagb-block-3b882c31 wp-block-uagb-image--layout-default wp-block-uagb-image--effect-static wp-block-uagb-image--align-none\"><figure class=\"wp-block-uagb-image__figure\"><img decoding=\"async\" srcset=\"https:\/\/zipwp.pixelriver.de\/wp-content\/uploads\/2026\/05\/person-using-computer-on-a-white-table-8972786.jpeg ,https:\/\/zipwp.pixelriver.de\/wp-content\/uploads\/2024\/08\/ours-journey.jpg 780w, https:\/\/zipwp.pixelriver.de\/wp-content\/uploads\/2024\/08\/ours-journey.jpg 360w\" sizes=\"auto, (max-width: 480px) 150px\" src=\"https:\/\/zipwp.pixelriver.de\/wp-content\/uploads\/2026\/05\/person-using-computer-on-a-white-table-8972786.jpeg\" alt=\"Bright and modern workspace setup with a desktop computer, mouse, and keyboard on a white desk.\" class=\"uag-image-545\" width=\"360\" height=\"460\" title=\"ours-journey\" loading=\"lazy\" role=\"img\"\/><\/figure><\/div>\n\n\n\n<div class=\"wp-block-uagb-advanced-heading uagb-block-441d128f\"><h3 class=\"uagb-heading-text\">Die Entwicklung von PixelRiver \u00fcber die Jahre<\/h3><p class=\"uagb-desc-text\">Seit unserer Gr\u00fcndung hat sich PixelRiver kontinuierlich weiterentwickelt, um den sich st\u00e4ndig \u00e4ndernden Bed\u00fcrfnissen der digitalen Landschaft gerecht zu werden. Wir haben zahlreiche Kundenprojekte erfolgreich umgesetzt und dabei starke Partnerschaften mit Designern aufgebaut, die auf unsere Expertise vertrauen, um hervorragende Webseiten zu erstellen.<\/p><\/div>\n<\/div><\/div>\n","protected":false},"excerpt":{"rendered":"<p>Ihr Partner f\u00fcr WordPress-Webseiten Erfahren Sie mehr \u00fcber PixelRiver PixelRiver verwandelt Ihre Figma-Designs in ma\u00dfgeschneiderte WordPress-Webseiten. Unser Team steht f\u00fcr [&hellip;]<\/p>\n","protected":false},"author":4,"featured_media":0,"parent":0,"menu_order":0,"comment_status":"closed","ping_status":"closed","template":"","meta":{"_uag_custom_page_level_css":"","site-sidebar-layout":"default","site-content-layout":"","ast-site-content-layout":"default","site-content-style":"default","site-sidebar-style":"default","ast-global-header-display":"","ast-banner-title-visibility":"","ast-main-header-display":"","ast-hfb-above-header-display":"","ast-hfb-below-header-display":"","ast-hfb-mobile-header-display":"","site-post-title":"disabled","ast-breadcrumbs-content":"","ast-featured-img":"","footer-sml-layout":"","ast-disable-related-posts":"","theme-transparent-header-meta":"","adv-header-id-meta":"","stick-header-meta":"","header-above-stick-meta":"","header-main-stick-meta":"","header-below-stick-meta":"","astra-migrate-meta-layouts":"default","ast-page-background-enabled":"default","ast-page-background-meta":{"desktop":{"background-color":"var(--ast-global-color-4)","background-image":"","background-repeat":"repeat","background-position":"center center","background-size":"auto","background-attachment":"scroll","background-type":"","background-media":"","overlay-type":"","overlay-color":"","overlay-opacity":"","overlay-gradient":""},"tablet":{"background-color":"","background-image":"","background-repeat":"repeat","background-position":"center center","background-size":"auto","background-attachment":"scroll","background-type":"","background-media":"","overlay-type":"","overlay-color":"","overlay-opacity":"","overlay-gradient":""},"mobile":{"background-color":"","background-image":"","background-repeat":"repeat","background-position":"center center","background-size":"auto","background-attachment":"scroll","background-type":"","background-media":"","overlay-type":"","overlay-color":"","overlay-opacity":"","overlay-gradient":""}},"ast-content-background-meta":{"desktop":{"background-color":"var(--ast-global-color-5)","background-image":"","background-repeat":"repeat","background-position":"center center","background-size":"auto","background-attachment":"scroll","background-type":"","background-media":"","overlay-type":"","overlay-color":"","overlay-opacity":"","overlay-gradient":""},"tablet":{"background-color":"var(--ast-global-color-5)","background-image":"","background-repeat":"repeat","background-position":"center center","background-size":"auto","background-attachment":"scroll","background-type":"","background-media":"","overlay-type":"","overlay-color":"","overlay-opacity":"","overlay-gradient":""},"mobile":{"background-color":"var(--ast-global-color-5)","background-image":"","background-repeat":"repeat","background-position":"center center","background-size":"auto","background-attachment":"scroll","background-type":"","background-media":"","overlay-type":"","overlay-color":"","overlay-opacity":"","overlay-gradient":""}},"footnotes":""},"class_list":["post-298","page","type-page","status-publish","hentry"],"uagb_featured_image_src":{"full":false,"thumbnail":false,"medium":false,"medium_large":false,"large":false,"1536x1536":false,"2048x2048":false},"uagb_author_info":{"display_name":"yvagxqovdj1t","author_link":"https:\/\/zipwp.pixelriver.de\/?author=4"},"uagb_comment_info":0,"uagb_excerpt":"Ihr Partner f\u00fcr WordPress-Webseiten Erfahren Sie mehr \u00fcber PixelRiver PixelRiver verwandelt Ihre Figma-Designs in ma\u00dfgeschneiderte WordPress-Webseiten. Unser Team steht f\u00fcr [&hellip;]","_links":{"self":[{"href":"https:\/\/zipwp.pixelriver.de\/index.php?rest_route=\/wp\/v2\/pages\/298","targetHints":{"allow":["GET"]}}],"collection":[{"href":"https:\/\/zipwp.pixelriver.de\/index.php?rest_route=\/wp\/v2\/pages"}],"about":[{"href":"https:\/\/zipwp.pixelriver.de\/index.php?rest_route=\/wp\/v2\/types\/page"}],"author":[{"embeddable":true,"href":"https:\/\/zipwp.pixelriver.de\/index.php?rest_route=\/wp\/v2\/users\/4"}],"replies":[{"embeddable":true,"href":"https:\/\/zipwp.pixelriver.de\/index.php?rest_route=%2Fwp%2Fv2%2Fcomments&post=298"}],"version-history":[{"count":1,"href":"https:\/\/zipwp.pixelriver.de\/index.php?rest_route=\/wp\/v2\/pages\/298\/revisions"}],"predecessor-version":[{"id":553,"href":"https:\/\/zipwp.pixelriver.de\/index.php?rest_route=\/wp\/v2\/pages\/298\/revisions\/553"}],"wp:attachment":[{"href":"https:\/\/zipwp.pixelriver.de\/index.php?rest_route=%2Fwp%2Fv2%2Fmedia&parent=298"}],"curies":[{"name":"wp","href":"https:\/\/api.w.org\/{rel}","templated":true}]}}